{"id":207,"date":"2013-11-20T12:19:22","date_gmt":"2013-11-20T12:19:22","guid":{"rendered":"http:\/\/wedesignthemes.com\/themes\/dummy-soulmedic\/?page_id=8"},"modified":"2024-06-15T08:52:52","modified_gmt":"2024-06-15T07:52:52","slug":"about-us","status":"publish","type":"page","link":"https:\/\/sumperkgynekolog.cz\/","title":{"rendered":"O n\u00e1s"},"content":{"rendered":"<h2>Na\u0161e\u00a0ordinace<\/h2>\n<div>\n<div><span style=\"font-size: inherit;\"><blockquote class='type3  aligncenter' ><q><q>Gynekologick\u00e1 ordinace v \u0160umperku &#8211; Temenici<\/q><\/q>  <cite>&ndash; <\/span><\/div>\n<\/div>\n<p>MUDr. Milo\u0161 Vyslou\u017eil<\/cite><\/blockquote>\n<div  class='column dt-sc-one-half  first'><p><a href=\"https:\/\/sumperkgynekolog.cz\/wp-content\/uploads\/2015\/02\/budova-cropped.jpg\"><img decoding=\"async\" loading=\"lazy\" class=\"alignnone wp-image-957 size-full\" src=\"https:\/\/sumperkgynekolog.cz\/wp-content\/uploads\/2015\/02\/budova-cropped.jpg\" alt=\"budova cropped\" width=\"600\" height=\"401\" srcset=\"https:\/\/sumperkgynekolog.cz\/wp-content\/uploads\/2015\/02\/budova-cropped.jpg 600w, https:\/\/sumperkgynekolog.cz\/wp-content\/uploads\/2015\/02\/budova-cropped-300x201.jpg 300w\" sizes=\"(max-width: 600px) 100vw, 600px\" \/><\/a><\/p><\/div>\n<div  class='column dt-sc-one-half  '><h2>P\u0159ednosti na\u0161eho za\u0159\u00edzen\u00ed<\/h2>\n<p>V gynekologick\u00e9 ordinaci nab\u00edz\u00edme:<\/p>\n<ul class='dt-sc-fancy-list   arrow'>\n<li>Preventivn\u00ed prohl\u00eddky<\/li>\n<li>L\u00e9\u010den\u00ed gynekologick\u00fdch onemocn\u011bn\u00ed<\/li>\n<li>Konzultace v oblasti antikoncepce, p\u0159echodu i onkologie<\/li>\n<li>T\u011bhotensk\u00e1 poradna<\/li>\n<li>Ultrazvukov\u00e1 vy\u0161et\u0159en\u00ed<\/li>\n<li>Konzultace s neplodn\u00fdmi p\u00e1ry,\u00a0l\u00e9\u010dba v\u010detn\u011b p\u0159\u00edpravy\u00a0 na metody asistovan\u00e9 reprodukce<\/li>\n<li>Zaji\u0161t\u011bn\u00ed a proveden\u00ed gynekologick\u00fdch z\u00e1krok\u016f a operac\u00ed v Nemocnici \u0160umperk<\/li>\n<li>Konzultace mo\u017en\u00e9 nep\u0159etr\u017eit\u011b p\u0159es telefon nebo e-mail.<\/li>\n<\/ul><\/div>\n<div class='dt-sc-hr-invisible  '><\/div>\n<div  class='column dt-sc-one-half  first'><h2>Nej\u010dast\u011bj\u0161\u00ed dotazy<\/h2>\n<div class='dt-sc-toggle-frame-set'><div class=\"dt-sc-toggle-frame\">\t<h5 class='dt-sc-toggle-accordion '><a href='#'><strong>Pro\u010d si vybrat pr\u00e1v\u011b na\u0161i gynekologickou ordinaci?<\/strong><\/a><\/h5>\t<div class=\"dt-sc-toggle-content\" style=\"display: none;\">\t\t<div class=\"block\"><p>V\u00a0na\u0161\u00ed gynekologick\u00e9 ordinaci pracuje vysoce kvalifikovan\u00fd l\u00e9ka\u0159 se dv\u011bma atestacemi a s\u00a0 dlouholetou zku\u0161enost\u00ed v oboru. V minulosti vedl porodnicko \u2013 gynekologick\u00e9 odd\u011blen\u00ed \u0161umpersk\u00e9 a jesenick\u00e9 nemocnice. Nezam\u011bstn\u00e1v\u00e1me \u017e\u00e1dn\u00e9 l\u00e9ka\u0159e v\u00a0p\u0159edatesta\u010dn\u00ed p\u0159\u00edprav\u011b ani z ciz\u00edch zem\u00ed. Zdravotn\u00ed sestra v\u00a0minulosti pracovala na gynekologick\u00e9m odd\u011blen\u00ed nemocnice a je\u00a0 absolventkou postgradu\u00e1ln\u00edho specializa\u010dn\u00edho studia.<\/p>\n<p>Prohl\u00eddky prov\u00e1d\u00edme za pomoci jednor\u00e1zov\u00fdch pom\u016fcek v\u010detn\u011b gynekologick\u00fdch zrcadel. V p\u0159\u00edpad\u011b pot\u0159eby nab\u00edz\u00edme jednor\u00e1zovou gynekologickou sukni.<\/p>\t\t<\/div>\t<\/div><\/div>\n<div class=\"dt-sc-toggle-frame\">\t<h5 class='dt-sc-toggle-accordion '><a href='#'><strong>M\u016f\u017ee mi m\u016fj registruj\u00edc\u00ed gynekolog prov\u00e9st operaci nebo gynekologick\u00fd z\u00e1krok v nemocnici?<\/strong><\/a><\/h5>\t<div class=\"dt-sc-toggle-content\" style=\"display: none;\">\t\t<div class=\"block\"><p>Ano, tuto slu\u017ebu nab\u00edz\u00edme. Vzhledem k\u00a0mal\u00e9mu \u00favazku v\u00a0nemocnici V\u00e1m m\u016f\u017eeme prov\u00e9st pl\u00e1novanou operaci nebo ambulantn\u00ed v\u00fdkon v\u00a0celkov\u00e9 anestezii.\u00a0 Operace prov\u00e1d\u011bn\u00e9 za hospitalizace na centr\u00e1ln\u00edch opera\u010dn\u00edch s\u00e1lech \u0161umpersk\u00e9 nemocnice podl\u00e9haj\u00ed\u00a0 schv\u00e1len\u00ed prim\u00e1\u0159em odd\u011blen\u00ed, kter\u00fd za spr\u00e1vnost indikace odpov\u00edd\u00e1. Proveden\u00ed z\u00e1kroku \u010di operace registruj\u00edc\u00edm l\u00e9ka\u0159em u n\u00e1s nen\u00ed nijak zpoplatn\u011bno.<\/p>\t\t<\/div>\t<\/div><\/div>\n<div class=\"dt-sc-toggle-frame\">\t<h5 class='dt-sc-toggle-accordion '><a href='#'><strong>Mohu si vybrat sv\u00e9ho gynekologa k porodu?<\/strong><\/a><\/h5>\t<div class=\"dt-sc-toggle-content\" style=\"display: none;\">\t\t<div class=\"block\"><p>Tuto aktivitu, komer\u010dn\u011b nab\u00edzenou ve velk\u00fdch m\u011bstech i v\u00a0n\u011bkter\u00fdch okresn\u00edch porodnic\u00edch, \u00a0nepodporujeme. Porod je p\u0159irozen\u00fd proces, kter\u00fd si sv\u016fj pr\u016fb\u011bh a spr\u00e1vn\u00e9 na\u010dasov\u00e1n\u00ed obvykle \u0159\u00edd\u00ed s\u00e1m. \u00da\u010dast vybran\u00e9ho l\u00e9ka\u0159e u porodu sv\u00e1d\u00ed k\u00a0postup\u016fm, kter\u00e9 p\u0159izp\u016fsobuj\u00ed porodn\u00ed d\u011bj \u010dasov\u00fdm mo\u017enostem l\u00e9ka\u0159e. Nepova\u017euji za \u010destn\u00e9 sl\u00edbit \u00fa\u010dast u porodu &#8211; ten m\u016f\u017ee nastat v\u00a0\u0159\u00e1dn\u00e9 ordina\u010dn\u00ed dob\u011b, na kterou jsou objedn\u00e1ny jin\u00e9 klientky. Jin\u00e1 situace je u pl\u00e1novan\u00fdch c\u00edsa\u0159sk\u00fdch \u0159ez\u016f, tam je mo\u017en\u00e9 se na osobn\u00ed \u00fa\u010dasti domluvit.<\/p>\t\t<\/div>\t<\/div><\/div>\n<div class=\"dt-sc-toggle-frame\">\t<h5 class='dt-sc-toggle-accordion '><a href='#'>Je t\u0159eba se na gynekologickou prohl\u00eddku p\u0159edem objednat?<\/a><\/h5>\t<div class=\"dt-sc-toggle-content\" style=\"display: none;\">\t\t<div class=\"block\"><p>Ano, doporu\u010dujeme rezervaci term\u00ednu o\u0161et\u0159en\u00ed p\u0159ed samotnou n\u00e1v\u0161t\u011bvou v\u00a0na\u0161\u00ed gynekologick\u00e9 ordinaci. V\u00a0p\u0159\u00edpad\u011b akutn\u00edch pot\u00ed\u017e\u00ed m\u016f\u017eete nav\u0161t\u00edvit l\u00e9ka\u0159e i bez objedn\u00e1n\u00ed. I tak je lep\u0161\u00ed p\u0159edem zavolat a up\u0159esnit si \u010das. Vyhnete se tak zbyte\u010dn\u00e9mu \u010dek\u00e1n\u00ed.<\/p>\t\t<\/div>\t<\/div><\/div>\n<div class=\"dt-sc-toggle-frame\">\t<h5 class='dt-sc-toggle-accordion '><a href='#'>Jak dlouh\u00e9 jsou objednac\u00ed lh\u016fty?<\/a><\/h5>\t<div class=\"dt-sc-toggle-content\" style=\"display: none;\">\t\t<div class=\"block\"><p>Objednac\u00ed lh\u016fty preventivn\u00edch prohl\u00eddek obvykle nep\u0159ekra\u010duj\u00ed 2-3 t\u00fddny. V\u00a0p\u0159\u00edpad\u011b pot\u0159eby akutn\u00edch obt\u00ed\u017e\u00ed je mo\u017en\u00e9 si telefonicky domluvit i d\u0159\u00edv\u011bj\u0161\u00ed term\u00edn.<\/p>\t\t<\/div>\t<\/div><\/div>\n<div class=\"dt-sc-toggle-frame\">\t<h5 class='dt-sc-toggle-accordion '><a href='#'>Je mo\u017en\u00e9 p\u0159ij\u00edt na jednor\u00e1zovou n\u00e1v\u0161t\u011bvu i bez registrace?<\/a><\/h5>\t<div class=\"dt-sc-toggle-content\" style=\"display: none;\">\t\t<div class=\"block\"><p>Ano, v na\u0161\u00ed ambulanci m\u016f\u017eete absolvovat i\u00a0jednor\u00e1zovou prohl\u00eddku nebo konzultaci bez dal\u0161\u00ed registrace.\t\t<\/div>\t<\/div><\/div>\n<div class=\"dt-sc-toggle-frame\">\t<h5 class='dt-sc-toggle-accordion '><a href='#'>Je mo\u017en\u00e9 se telefonicky objedn\u00e1vat i mimo ordina\u010dn\u00ed dobu?<\/a><\/h5>\t<div class=\"dt-sc-toggle-content\" style=\"display: none;\">\t\t<div class=\"block\"><p>Ano, objednat se m\u016f\u017eete 7 dn\u00ed v t\u00fddnu 24 hodin denn\u011b, a to na \u010d\u00edsle:\u00a0+420 778 491 354. Samoz\u0159ejm\u011b budeme r\u00e1di, kdy\u017e vynech\u00e1te no\u010dn\u00ed hodiny a v\u00edkendov\u00e9 dny.<\/p>\t\t<\/div>\t<\/div><\/div>\n<div class=\"dt-sc-toggle-frame\">\t<h5 class='dt-sc-toggle-accordion '><a href='#'>Slou\u017e\u00ed va\u0161e ambulance tak\u00e9 t\u011bhotn\u00fdm \u017een\u00e1m?<\/a><\/h5>\t<div class=\"dt-sc-toggle-content\" style=\"display: none;\">\t\t<div class=\"block\">Ano, prov\u00e1d\u00edme komplexn\u00ed t\u011bhotenskou poradnu. Obsahuje m\u011b\u0159en\u00ed krevn\u00edho tlaku, anal\u00fdzu mo\u010di, kontrolu t\u011blesn\u00e9 hmotnosti, konzultace pr\u016fb\u011bhu t\u011bhotenstv\u00ed, kontrolu vagin\u00e1ln\u00edho n\u00e1lezu v\u00a0prevenci p\u0159ed\u010dasn\u00e9ho porodu, kontrolu prosperity t\u011bhotenstv\u00ed a plodu. Poskytujeme konzultace re\u017eimov\u00fdch opat\u0159en\u00ed v\u00a0t\u011bhotenstv\u00ed.\t\t<\/div>\t<\/div><\/div>\n<div class=\"dt-sc-toggle-frame\">\t<h5 class='dt-sc-toggle-accordion '><a href='#'>Jak \u010dasto je vhodn\u00e9 podstoupit preventivn\u00ed gynekologickou prohl\u00eddku?<\/a><\/h5>\t<div class=\"dt-sc-toggle-content\" style=\"display: none;\">\t\t<div class=\"block\"><p>Zdrav\u00e1 \u017eena by\u00a0m\u011bla nav\u0161t\u00edvit sv\u00e9ho gynekologa 1x\u00a0za rok. Samoz\u0159ejm\u011b vy\u017eaduje-li to\u00a0V\u00e1\u0161 zdravotn\u00ed stav, pak\u00a0nav\u0161tivte sv\u00e9ho l\u00e9ka\u0159e dle pot\u0159eby. Cho\u010fte na\u00a0pravideln\u00e9 preventivn\u00ed prohl\u00eddky a\u00a0neost\u00fdchejte se\u00a0sv\u00e9ho gynekologa na\u00a0cokoliv pt\u00e1t. M\u011bjte na\u00a0pam\u011bti, \u017ee\u00a0zdrav\u00ed je\u00a0to nejd\u016fle\u017eit\u011bj\u0161\u00ed v\u00a0na\u0161em \u017eivot\u011b.<\/p>\t\t<\/div>\t<\/div><\/div>\n<div class=\"dt-sc-toggle-frame\">\t<h5 class='dt-sc-toggle-accordion '><a href='#'>Je t\u0159eba absolvovat preventivn\u00ed prohl\u00eddky i po odstran\u011bn\u00ed d\u011blohy (hysterektomii)?<\/a><\/h5>\t<div class=\"dt-sc-toggle-content\" style=\"display: none;\">\t\t<div class=\"block\"><p class=\"paddingmore\">Ano. T\u0159eba\u017ee odstran\u011bn\u00edm d\u011blohy riziko n\u011bkter\u00fdch gynekologick\u00fdch nemoc\u00ed pominulo, je pravideln\u00e9 vy\u0161et\u0159en\u00ed zevn\u00edch rodidel a p\u00e1nevn\u00edch struktur nanejv\u00fd\u0161 vhodn\u00e9<\/p>\t\t<\/div>\t<\/div><\/div>\n<div class=\"dt-sc-toggle-frame\">\t<h5 class='dt-sc-toggle-accordion '><a href='#'>Je t\u0159eba chodit na preventivn\u00ed prohl\u00eddky, i kdy\u017e jsem je\u0161t\u011b nem\u011bla pohlavn\u00ed styk?<\/a><\/h5>\t<div class=\"dt-sc-toggle-content\" style=\"display: none;\">\t\t<div class=\"block\"><p>Pokud je V\u00e1m m\u00e9n\u011b ne\u017e 20 let, jste bez pot\u00ed\u017e\u00ed a m\u00e1te pravideln\u00fd menstrua\u010dn\u00ed cyklus, nepova\u017euji gynekologick\u00e9 vy\u0161et\u0159en\u00ed za nutn\u00e9. Po n\u00e1stupu menstruace je mo\u017en\u00e9 \u2013 obvykle s\u00a0matkou \u2013 p\u0159ij\u00edt na konzultaci ohledn\u011b antikoncepce, prevence p\u0159enosn\u00fdch chorob, o\u010dkov\u00e1n\u00ed proti rakovin\u011b, atd.<\/p>\t\t<\/div>\t<\/div><\/div>\n<div class=\"dt-sc-toggle-frame\">\t<h5 class='dt-sc-toggle-accordion '><a href='#'>Je mo\u017en\u00e9 za\u017e\u00e1dat o p\u0159edpis antikoncepce v p\u0159\u00edpad\u011b, \u017ee jsem mlad\u0161\u00ed 18 let, p\u0159\u00edpadn\u011b kdy\u017e jsem je\u0161t\u011b panna?<\/a><\/h5>\t<div class=\"dt-sc-toggle-content\" style=\"display: none;\">\t\t<div class=\"block\"><p>Ano, recept lze p\u0159edepsat i\u00a0mlad\u00fdm d\u00edvk\u00e1m, ale\u00a0se\u00a0souhlasem rodi\u010de \/ z\u00e1konn\u00e9ho z\u00e1stupce. Recept vystavujeme po\u00a0p\u0159edchoz\u00edm pohovoru s\u00a0l\u00e9ka\u0159em, abychom vylou\u010dili p\u0159\u00edpadn\u00e1 rizika spojen\u00e1 s\u00a0u\u017e\u00edv\u00e1n\u00edm hormon\u00e1ln\u00ed antikoncepce. Rovn\u011b\u017e je mo\u017en\u00e9 p\u0159edepsat antikoncepci d\u00edvk\u00e1m, kter\u00e9 dosud nem\u011bly styk. Gynekologick\u00e9 vy\u0161et\u0159en\u00ed pak doporu\u010dujeme podstoupit a\u017e po zah\u00e1jen\u00ed pohlavn\u00edho \u017eivota.<\/p>\t\t<\/div>\t<\/div><\/div>\n<div class=\"dt-sc-toggle-frame\">\t<h5 class='dt-sc-toggle-accordion '><a href='#'>Je mo\u017en\u00e9 si nechat zav\u00e9st nitrod\u011blo\u017en\u00ed t\u011bl\u00edsko, i kdy\u017e jsem je\u0161t\u011b nerodila?<\/a><\/h5>\t<div class=\"dt-sc-toggle-content\" style=\"display: none;\">\t\t<div class=\"block\"><p>V podstat\u011b to mo\u017en\u00e9 je. V\u00fdrobci dokonce nab\u00edzej\u00ed nitrod\u011blo\u017en\u00ed t\u011bl\u00edska speci\u00e1ln\u011b pro nerod\u00edc\u00ed \u017eeny. Osobn\u011b v\u0161ak takov\u00fd postup sp\u00ed\u0161 nedoporu\u010dujeme. Pro zdrav\u00e9 nerod\u00edc\u00ed \u017eeny je lep\u0161\u00ed alternativou hormon\u00e1ln\u00ed antikoncepce.<\/p>\t\t<\/div>\t<\/div><\/div>\n<div class=\"dt-sc-toggle-frame\">\t<h5 class='dt-sc-toggle-accordion '><a href='#'>Je nutn\u00e9 p\u0159i ka\u017ed\u00e9m odum\u0159el\u00e9m t\u011bhotenstv\u00ed podstoupit gynekologick\u00fd z\u00e1krok v nark\u00f3ze?<\/a><\/h5>\t<div class=\"dt-sc-toggle-content\" style=\"display: none;\">\t\t<div class=\"block\"><p>Nen\u00ed. U gravidit ni\u017e\u0161\u00edch 8 t\u00fddn\u016f je mo\u017en\u00e9 a n\u011bkdy i lep\u0161\u00ed\u00a0 vy\u010dkat spont\u00e1nn\u00edho potracen\u00ed. Na druh\u00e9 stran\u011b vy\u010di\u0161t\u011bn\u00ed d\u011blohy je jednoduch\u00fd a \u0161etrn\u00fd v\u00fdkon, kter\u00fd plodnost \u017eeny nijak neovlivn\u00ed. U vy\u0161\u0161\u00edch zamlkl\u00fdch gravidit je revize d\u011blohy na m\u00edst\u011b.<\/p>\t\t<\/div>\t<\/div><\/div>\n<div class=\"dt-sc-toggle-frame\">\t<h5 class='dt-sc-toggle-accordion '><a href='#'>Byl mi diagnostikov\u00e1n pokles d\u011blohy pochvy a dna p\u00e1nve, doporu\u010dena operace. Je nutn\u00e1, kdy\u017e nem\u00e1m pot\u00ed\u017ee?<\/a><\/h5>\t<div class=\"dt-sc-toggle-content\" style=\"display: none;\">\t\t<div class=\"block\"><p>Operace nutn\u00e1 nen\u00ed, pokles rodidel Va\u0161e zdrav\u00ed nijak neohro\u017euje. Je v\u0161ak t\u0159eba po\u010d\u00edtat s\u00a0t\u00edm, \u017ee s\u00a0postupem \u010dasu se pokles m\u016f\u017ee zv\u00fdraznit a ve vy\u0161\u0161\u00edm v\u011bku m\u016f\u017ee b\u00fdt operace rizikov\u011bj\u0161\u00ed.<\/p>\t\t<\/div>\t<\/div><\/div>\n<div class=\"dt-sc-toggle-frame\">\t<h5 class='dt-sc-toggle-accordion '><a href='#'>Je t\u0159eba pravideln\u011b odeb\u00edrat gynekologickou cytologii, kdy\u017e jsem byla o\u010dkov\u00e1na proti rakovin\u011b \u010d\u00edpku?<\/a><\/h5>\t<div class=\"dt-sc-toggle-content\" style=\"display: none;\">\t\t<div class=\"block\"><p>Ano, o\u010dkov\u00e1n\u00ed sice sni\u017euje riziko onemocn\u011bn\u00ed rakovinou o 76%, ale neeliminuje je zcela.<\/p>\t\t<\/div>\t<\/div><\/div><\/div><\/div>\n<div  class='column dt-sc-one-half  '><h2>L\u00e9ka\u0159i<\/h2>\n<div class='dt-sc-team '>\t<div class='image'><img src='https:\/\/sumperkgynekolog.cz\/wp-content\/uploads\/2015\/02\/headshot300x300.jpg' alt='Please specify image url' title='Please specify image url' \/><\/div>\t<div class=\"team-details\"><h4><i class='fa fa-user-md'> <\/i>Milo\u0161 Vyslou\u017eil, <span>MUDr.<\/span><\/h4><ul>\n<li>1984 &#8211; 1994 Porodnicko &#8211; gynekologick\u00e1 klinika FN Brno<\/li>\n<li>1995 &#8211; 1996 prim\u00e1\u0159 por. gyn. odd. Nemocnice \u0160umperk<\/li>\n<li>1997 &#8211; 2002 prim\u00e1\u0159 por. gyn. odd. Nemocnice Jesen\u00edk<\/li>\n<li>2003 &#8211; 2008 z\u00e1stupce prim\u00e1\u0159e por. gyn. odd. \u0160umpersk\u00e1 nemocnice<\/li>\n<li>2008 &#8211; 2014 prim\u00e1\u0159 por. gyn. odd. \u0160umpersk\u00e1 nemocnice<\/li>\n<\/ul><h6>Gynekolog<\/h6><p class='email'>Email : <a href='mailto:vyslouzilm@seznam.cz'>vyslouzilm@seznam.cz<\/a><\/p>\t<\/div><\/div>\n<div class='dt-sc-team '>\t<div class='image'><img src='https:\/\/sumperkgynekolog.cz\/wp-content\/uploads\/2015\/10\/mohapl-na-str\u00e1nky-300.jpg' alt='Please specify image url' title='Please specify image url' \/><\/div>\t<div class=\"team-details\"><h4><i class='fa fa-user-md'> <\/i>Jaroslav Mohapl, <span>MUDr.<\/span><\/h4><ul>\n<li>zakladatel gynekologick\u00e9 ambulance na Temenick\u00e9 ulici<\/li>\n<li>vpravd\u011b doyen \u0161umpersk\u00e9 gynekologie<\/li>\n<li>pokra\u010dovatel tradic a \u0161koly prof. Gaz\u00e1rka a prim. Anto\u0161e<\/li>\n<li>1990 &#8211; 1994 prim\u00e1\u0159 por. gyn. odd. NsP \u0160umperk<\/li>\n<li>od srpna 2023 jako konzultant v oboru<\/li>\n<\/ul><h6>Gynekolog-konzultant<\/h6><p class='email'>Email : <a href='mailto:mohapl.j@quick.cz'>mohapl.j@quick.cz<\/a><\/p>\t<\/div><\/div>\n<div class='dt-sc-team '>\t<div class='image'><img src='https:\/\/sumperkgynekolog.cz\/wp-content\/uploads\/2015\/10\/Kominkova.jpg' alt='Please specify image url' title='Please specify image url' \/><\/div>\t<div class=\"team-details\"><h4><i class='fa fa-user-md'> <\/i>Denisa Kom\u00ednkov\u00e1<\/h4><ul>\n<li>1994 Absolventka st\u0159edn\u00ed zdravotnick\u00e9 \u0161koly \u0160umperk<\/li>\n<li>2001 &#8211; 2002\u00a0Specializa\u010dn\u00ed studium v oboru o\u0161et\u0159ovatelsk\u00e1 p\u00e9\u010de v gynekologii<\/li>\n<li>1994 &#8211; 2015 Praxe:\u00a0v\u0161eobecn\u00e1 sestra v \u0160umpersk\u00e9 nemocnici na por. gyn. odd\u011blen\u00ed<\/li>\n<li>2016 V\u0161eobecn\u00e1 sestra v gynekologick\u00e9 ambulanci<\/li>\n<\/ul><h6>Zdravotn\u00ed sestra<\/h6>\t<\/div><\/div>\n<div class='dt-sc-team '>\t<div class='image'><img src='https:\/\/sumperkgynekolog.cz\/wp-content\/uploads\/2015\/04\/Burgetova.jpg' alt='Please specify image url' title='Please specify image url' \/><\/div>\t<div class=\"team-details\"><h4><i class='fa fa-user-md'> <\/i>Svatava Burgetov\u00e1<\/h4><h6>Zdravotn\u00ed sestra<\/h6>\t<\/div><\/div><\/div>\n<div class='dt-sc-hr-invisible  '><\/div>\n<div  class='column dt-sc-one-half  first'><h2><\/h2><\/div>\n","protected":false},"excerpt":{"rendered":"<p>Na\u0161e\u00a0ordinace<\/p>\n","protected":false},"author":1,"featured_media":0,"parent":0,"menu_order":0,"comment_status":"closed","ping_status":"open","template":"","meta":{"site-sidebar-layout":"default","site-content-layout":"","ast-site-content-layout":"default","site-content-style":"default","site-sidebar-style":"default","ast-global-header-display":"","ast-banner-title-visibility":"","ast-main-header-display":"","ast-hfb-above-header-display":"","ast-hfb-below-header-display":"","ast-hfb-mobile-header-display":"","site-post-title":"disabled","ast-breadcrumbs-content":"","ast-featured-img":"","footer-sml-layout":"","ast-disable-related-posts":"","theme-transparent-header-meta":"","adv-header-id-meta":"","stick-header-meta":"","header-above-stick-meta":"","header-main-stick-meta":"","header-below-stick-meta":"","astra-migrate-meta-layouts":"","ast-page-background-enabled":"default","ast-page-background-meta":{"desktop":{"background-color":"var(--ast-global-color-4)","background-image":"","background-repeat":"repeat","background-position":"center center","background-size":"auto","background-attachment":"scroll","background-type":"","background-media":"","overlay-type":"","overlay-color":"","overlay-opacity":"","overlay-gradient":""},"tablet":{"background-color":"","background-image":"","background-repeat":"repeat","background-position":"center center","background-size":"auto","background-attachment":"scroll","background-type":"","background-media":"","overlay-type":"","overlay-color":"","overlay-opacity":"","overlay-gradient":""},"mobile":{"background-color":"","background-image":"","background-repeat":"repeat","background-position":"center center","background-size":"auto","background-attachment":"scroll","background-type":"","background-media":"","overlay-type":"","overlay-color":"","overlay-opacity":"","overlay-gradient":""}},"ast-content-background-meta":{"desktop":{"background-color":"var(--ast-global-color-5)","background-image":"","background-repeat":"repeat","background-position":"center center","background-size":"auto","background-attachment":"scroll","background-type":"","background-media":"","overlay-type":"","overlay-color":"","overlay-opacity":"","overlay-gradient":""},"tablet":{"background-color":"var(--ast-global-color-5)","background-image":"","background-repeat":"repeat","background-position":"center center","background-size":"auto","background-attachment":"scroll","background-type":"","background-media":"","overlay-type":"","overlay-color":"","overlay-opacity":"","overlay-gradient":""},"mobile":{"background-color":"var(--ast-global-color-5)","background-image":"","background-repeat":"repeat","background-position":"center center","background-size":"auto","background-attachment":"scroll","background-type":"","background-media":"","overlay-type":"","overlay-color":"","overlay-opacity":"","overlay-gradient":""}},"footnotes":""},"_links":{"self":[{"href":"https:\/\/sumperkgynekolog.cz\/index.php?rest_route=\/wp\/v2\/pages\/207"}],"collection":[{"href":"https:\/\/sumperkgynekolog.cz\/index.php?rest_route=\/wp\/v2\/pages"}],"about":[{"href":"https:\/\/sumperkgynekolog.cz\/index.php?rest_route=\/wp\/v2\/types\/page"}],"author":[{"embeddable":true,"href":"https:\/\/sumperkgynekolog.cz\/index.php?rest_route=\/wp\/v2\/users\/1"}],"replies":[{"embeddable":true,"href":"https:\/\/sumperkgynekolog.cz\/index.php?rest_route=%2Fwp%2Fv2%2Fcomments&post=207"}],"version-history":[{"count":70,"href":"https:\/\/sumperkgynekolog.cz\/index.php?rest_route=\/wp\/v2\/pages\/207\/revisions"}],"predecessor-version":[{"id":90320,"href":"https:\/\/sumperkgynekolog.cz\/index.php?rest_route=\/wp\/v2\/pages\/207\/revisions\/90320"}],"wp:attachment":[{"href":"https:\/\/sumperkgynekolog.cz\/index.php?rest_route=%2Fwp%2Fv2%2Fmedia&parent=207"}],"curies":[{"name":"wp","href":"https:\/\/api.w.org\/{rel}","templated":true}]}}