{"id":801,"date":"2015-02-12T22:25:42","date_gmt":"2015-02-12T22:25:42","guid":{"rendered":"http:\/\/sumperkgynekolog.cz\/?page_id=801"},"modified":"2026-03-24T20:53:45","modified_gmt":"2026-03-24T19:53:45","slug":"wishlist","status":"publish","type":"page","link":"https:\/\/sumperkgynekolog.cz\/?page_id=801","title":{"rendered":"\u010casto kladen\u00e9 dotazy"},"content":{"rendered":"<div class='dt-sc-toggle-frame-set'><div class=\"dt-sc-toggle-frame\">\t<h5 class='dt-sc-toggle-accordion '><a href='#'><strong>Pro\u010d si vybrat pr\u00e1v\u011b na\u0161i gynekologickou ordinaci?<\/strong><\/a><\/h5>\t<div class=\"dt-sc-toggle-content\" style=\"display: none;\">\t\t<div class=\"block\"><p>V\u00a0na\u0161\u00ed gynekologick\u00e9 ordinaci pracuj\u00ed pouze vysoce kvalifikovan\u00ed l\u00e9ka\u0159i se dv\u011bma atestacemi. Oba l\u00e9ka\u0159i maj\u00ed dlouholet\u00e9 zku\u0161enosti v\u00a0oboru, v\u00a0minulosti vedli porodnicko \u2013 gynekologick\u00e9 odd\u011blen\u00ed \u0161umpersk\u00e9 nemocnice. Nezam\u011bstn\u00e1v\u00e1me \u017e\u00e1dn\u00e9 l\u00e9ka\u0159e v\u00a0p\u0159edatesta\u010dn\u00ed p\u0159\u00edprav\u011b.\nZdravotn\u00ed sestra v\u00a0minulosti pracovala na gynekologick\u00e9m odd\u011blen\u00ed nemocnice a je\u00a0 absolventkou postgradu\u00e1ln\u00edho specializa\u010dn\u00edho studia.<\/p>\n<p>Prohl\u00eddky prov\u00e1d\u00edme za pomoci jednor\u00e1zov\u00fdch pom\u016fcek v\u010detn\u011b gynekologick\u00fdch zrcadel. V p\u0159\u00edpad\u011b pot\u0159eby nab\u00edz\u00edme jednor\u00e1zovou gynekologickou sukni.<\/p>\t\t<\/div>\t<\/div><\/div>\n<div class=\"dt-sc-toggle-frame\">\t<h5 class='dt-sc-toggle-accordion '><a href='#'><strong>M\u016f\u017ee mi m\u016fj registruj\u00edc\u00ed gynekolog prov\u00e9st operaci nebo gynekologick\u00fd z\u00e1krok v nemocnici?<\/strong><\/a><\/h5>\t<div class=\"dt-sc-toggle-content\" style=\"display: none;\">\t\t<div class=\"block\"><p>Ano, tuto slu\u017ebu nab\u00edz\u00edme. Vzhledem k\u00a0mal\u00e9mu \u00favazku v\u00a0nemocnici V\u00e1m m\u016f\u017eeme prov\u00e9st pl\u00e1novanou operaci nebo ambulantn\u00ed v\u00fdkon v\u00a0celkov\u00e9 anestezii.\u00a0 Operace prov\u00e1d\u011bn\u00e9 za hospitalizace na centr\u00e1ln\u00edch opera\u010dn\u00edch s\u00e1lech \u0161umpersk\u00e9 nemocnice podl\u00e9haj\u00ed\u00a0 schv\u00e1len\u00ed prim\u00e1\u0159em odd\u011blen\u00ed, kter\u00fd za spr\u00e1vnost indikace odpov\u00edd\u00e1. Proveden\u00ed z\u00e1kroku \u010di operace registruj\u00edc\u00edm l\u00e9ka\u0159em u n\u00e1s nen\u00ed nijak zpoplatn\u011bno.<\/p>\t\t<\/div>\t<\/div><\/div>\n<div class=\"dt-sc-toggle-frame\">\t<h5 class='dt-sc-toggle-accordion '><a href='#'><strong>Mohu si vybrat sv\u00e9ho gynekologa k porodu?<\/strong><\/a><\/h5>\t<div class=\"dt-sc-toggle-content\" style=\"display: none;\">\t\t<div class=\"block\"><p>Tuto aktivitu, komer\u010dn\u011b nab\u00edzenou ve velk\u00fdch m\u011bstech i v\u00a0n\u011bkter\u00fdch okresn\u00edch porodnic\u00edch, \u00a0nepodporujeme. Porod je p\u0159irozen\u00fd proces, kter\u00fd si sv\u016fj pr\u016fb\u011bh a spr\u00e1vn\u00e9 na\u010dasov\u00e1n\u00ed obvykle \u0159\u00edd\u00ed s\u00e1m. \u00da\u010dast vybran\u00e9ho l\u00e9ka\u0159e u porodu sv\u00e1d\u00ed k\u00a0postup\u016fm, kter\u00e9 p\u0159izp\u016fsobuj\u00ed porodn\u00ed d\u011bj \u010dasov\u00fdm mo\u017enostem l\u00e9ka\u0159e. Nepova\u017euji za \u010destn\u00e9 sl\u00edbit \u00fa\u010dast u porodu &#8211; ten m\u016f\u017ee nastat v\u00a0\u0159\u00e1dn\u00e9 ordina\u010dn\u00ed dob\u011b, na kterou jsou objedn\u00e1ny jin\u00e9 klientky. Jin\u00e1 situace je u pl\u00e1novan\u00fdch c\u00edsa\u0159sk\u00fdch \u0159ez\u016f, tam je mo\u017en\u00e9 se na osobn\u00ed \u00fa\u010dasti domluvit.<\/p>\t\t<\/div>\t<\/div><\/div>\n<div class=\"dt-sc-toggle-frame\">\t<h5 class='dt-sc-toggle-accordion '><a href='#'>Je t\u0159eba se na gynekologickou prohl\u00eddku p\u0159edem objednat?<\/a><\/h5>\t<div class=\"dt-sc-toggle-content\" style=\"display: none;\">\t\t<div class=\"block\"><p>Ano, doporu\u010dujeme rezervaci term\u00ednu o\u0161et\u0159en\u00ed p\u0159ed samotnou n\u00e1v\u0161t\u011bvou v\u00a0na\u0161\u00ed gynekologick\u00e9 ordinaci. V\u00a0p\u0159\u00edpad\u011b akutn\u00edch pot\u00ed\u017e\u00ed m\u016f\u017eete nav\u0161t\u00edvit l\u00e9ka\u0159e i bez objedn\u00e1n\u00ed. I tak je lep\u0161\u00ed p\u0159edem zavolat a up\u0159esnit si \u010das. Vyhnete se tak zbyte\u010dn\u00e9mu \u010dek\u00e1n\u00ed.<\/p>\t\t<\/div>\t<\/div><\/div>\n<div class=\"dt-sc-toggle-frame\">\t<h5 class='dt-sc-toggle-accordion '><a href='#'>Jak dlouh\u00e9 jsou objednac\u00ed lh\u016fty?<\/a><\/h5>\t<div class=\"dt-sc-toggle-content\" style=\"display: none;\">\t\t<div class=\"block\"><p>Objednac\u00ed lh\u016fty preventivn\u00edch prohl\u00eddek obvykle nep\u0159ekra\u010duj\u00ed 2-3 t\u00fddny. V\u00a0p\u0159\u00edpad\u011b pot\u0159eby akutn\u00edch obt\u00ed\u017e\u00ed je mo\u017en\u00e9 si telefonicky domluvit i d\u0159\u00edv\u011bj\u0161\u00ed term\u00edn.<\/p>\t\t<\/div>\t<\/div><\/div>\n<div class=\"dt-sc-toggle-frame\">\t<h5 class='dt-sc-toggle-accordion '><a href='#'>Je mo\u017en\u00e9 p\u0159ij\u00edt na jednor\u00e1zovou n\u00e1v\u0161t\u011bvu i bez registrace?<\/a><\/h5>\t<div class=\"dt-sc-toggle-content\" style=\"display: none;\">\t\t<div class=\"block\"><p>Ano, v na\u0161\u00ed ambulanci m\u016f\u017eete absolvovat i\u00a0jednor\u00e1zovou prohl\u00eddku nebo konzultaci bez dal\u0161\u00ed registrace.\t\t<\/div>\t<\/div><\/div>\n<div class=\"dt-sc-toggle-frame\">\t<h5 class='dt-sc-toggle-accordion '><a href='#'>Je mo\u017en\u00e9 se telefonicky objedn\u00e1vat i mimo ordina\u010dn\u00ed dobu?<\/a><\/h5>\t<div class=\"dt-sc-toggle-content\" style=\"display: none;\">\t\t<div class=\"block\"><p>Ano, objednat se m\u016f\u017eete 7 dn\u00ed v t\u00fddnu 24 hodin denn\u011b, a to na \u010d\u00edsle:\u00a0+420 778 491 354. Samoz\u0159ejm\u011b budeme r\u00e1di, kdy\u017e vynech\u00e1te no\u010dn\u00ed hodiny a v\u00edkendov\u00e9 dny.<\/p>\t\t<\/div>\t<\/div><\/div>\n<div class=\"dt-sc-toggle-frame\">\t<h5 class='dt-sc-toggle-accordion '><a href='#'>Slou\u017e\u00ed va\u0161e ambulance tak\u00e9 t\u011bhotn\u00fdm \u017een\u00e1m?<\/a><\/h5>\t<div class=\"dt-sc-toggle-content\" style=\"display: none;\">\t\t<div class=\"block\">Ano, prov\u00e1d\u00edme komplexn\u00ed t\u011bhotenskou poradnu. Obsahuje m\u011b\u0159en\u00ed krevn\u00edho tlaku, anal\u00fdzu mo\u010di, kontrolu t\u011blesn\u00e9 hmotnosti, konzultace pr\u016fb\u011bhu t\u011bhotenstv\u00ed, kontrolu vagin\u00e1ln\u00edho n\u00e1lezu v\u00a0prevenci p\u0159ed\u010dasn\u00e9ho porodu, kontrolu prosperity t\u011bhotenstv\u00ed a plodu. Poskytujeme konzultace re\u017eimov\u00fdch opat\u0159en\u00ed v\u00a0t\u011bhotenstv\u00ed.\t\t<\/div>\t<\/div><\/div>\n<div class=\"dt-sc-toggle-frame\">\t<h5 class='dt-sc-toggle-accordion '><a href='#'>Jak \u010dasto je vhodn\u00e9 podstoupit preventivn\u00ed gynekologickou prohl\u00eddku?<\/a><\/h5>\t<div class=\"dt-sc-toggle-content\" style=\"display: none;\">\t\t<div class=\"block\"><p>Zdrav\u00e1 \u017eena by\u00a0m\u011bla nav\u0161t\u00edvit sv\u00e9ho gynekologa 1x\u00a0za rok. Samoz\u0159ejm\u011b vy\u017eaduje-li to\u00a0V\u00e1\u0161 zdravotn\u00ed stav, pak\u00a0nav\u0161tivte sv\u00e9ho l\u00e9ka\u0159e dle pot\u0159eby. Cho\u010fte na\u00a0pravideln\u00e9 preventivn\u00ed prohl\u00eddky a\u00a0neost\u00fdchejte se\u00a0sv\u00e9ho gynekologa na\u00a0cokoliv pt\u00e1t. M\u011bjte na\u00a0pam\u011bti, \u017ee\u00a0zdrav\u00ed je\u00a0to nejd\u016fle\u017eit\u011bj\u0161\u00ed v\u00a0na\u0161em \u017eivot\u011b.<\/p>\t\t<\/div>\t<\/div><\/div>\n<div class=\"dt-sc-toggle-frame\">\t<h5 class='dt-sc-toggle-accordion '><a href='#'>Je t\u0159eba absolvovat preventivn\u00ed prohl\u00eddky i po odstran\u011bn\u00ed d\u011blohy (hysterektomii)?<\/a><\/h5>\t<div class=\"dt-sc-toggle-content\" style=\"display: none;\">\t\t<div class=\"block\"><p class=\"paddingmore\">Ano. T\u0159eba\u017ee odstran\u011bn\u00edm d\u011blohy riziko n\u011bkter\u00fdch gynekologick\u00fdch nemoc\u00ed pominulo, je pravideln\u00e9 vy\u0161et\u0159en\u00ed zevn\u00edch rodidel a p\u00e1nevn\u00edch struktur nanejv\u00fd\u0161 vhodn\u00e9<\/p>\t\t<\/div>\t<\/div><\/div>\n<div class=\"dt-sc-toggle-frame\">\t<h5 class='dt-sc-toggle-accordion '><a href='#'>Je t\u0159eba chodit na preventivn\u00ed prohl\u00eddky, i kdy\u017e jsem je\u0161t\u011b nem\u011bla pohlavn\u00ed styk?<\/a><\/h5>\t<div class=\"dt-sc-toggle-content\" style=\"display: none;\">\t\t<div class=\"block\"><p>Pokud je V\u00e1m m\u00e9n\u011b ne\u017e 20 let, jste bez pot\u00ed\u017e\u00ed a m\u00e1te pravideln\u00fd menstrua\u010dn\u00ed cyklus, nepova\u017euji gynekologick\u00e9 vy\u0161et\u0159en\u00ed za nutn\u00e9. Po n\u00e1stupu menstruace je mo\u017en\u00e9 \u2013 obvykle s\u00a0matkou \u2013 p\u0159ij\u00edt na konzultaci ohledn\u011b antikoncepce, prevence p\u0159enosn\u00fdch chorob, o\u010dkov\u00e1n\u00ed proti rakovin\u011b, atd.<\/p>\t\t<\/div>\t<\/div><\/div>\n<div class=\"dt-sc-toggle-frame\">\t<h5 class='dt-sc-toggle-accordion '><a href='#'>Je mo\u017en\u00e9 za\u017e\u00e1dat o p\u0159edpis antikoncepce v p\u0159\u00edpad\u011b, \u017ee jsem mlad\u0161\u00ed 18 let, p\u0159\u00edpadn\u011b kdy\u017e jsem je\u0161t\u011b panna?<\/a><\/h5>\t<div class=\"dt-sc-toggle-content\" style=\"display: none;\">\t\t<div class=\"block\"><p>Ano, recept lze p\u0159edepsat i\u00a0mlad\u00fdm d\u00edvk\u00e1m, ale\u00a0se\u00a0souhlasem rodi\u010de \/ z\u00e1konn\u00e9ho z\u00e1stupce. Recept vystavujeme po\u00a0p\u0159edchoz\u00edm pohovoru s\u00a0l\u00e9ka\u0159em, abychom vylou\u010dili p\u0159\u00edpadn\u00e1 rizika spojen\u00e1 s\u00a0u\u017e\u00edv\u00e1n\u00edm hormon\u00e1ln\u00ed antikoncepce. Rovn\u011b\u017e je mo\u017en\u00e9 p\u0159edepsat antikoncepci d\u00edvk\u00e1m, kter\u00e9 dosud nem\u011bly styk. Gynekologick\u00e9 vy\u0161et\u0159en\u00ed pak doporu\u010dujeme podstoupit a\u017e po zah\u00e1jen\u00ed pohlavn\u00edho \u017eivota.<\/p>\t\t<\/div>\t<\/div><\/div>\n<div class=\"dt-sc-toggle-frame\">\t<h5 class='dt-sc-toggle-accordion '><a href='#'>Je mo\u017en\u00e9 si nechat zav\u00e9st nitrod\u011blo\u017en\u00ed t\u011bl\u00edsko, i kdy\u017e jsem je\u0161t\u011b nerodila?<\/a><\/h5>\t<div class=\"dt-sc-toggle-content\" style=\"display: none;\">\t\t<div class=\"block\"><p>V podstat\u011b to mo\u017en\u00e9 je. V\u00fdrobci dokonce nab\u00edzej\u00ed nitrod\u011blo\u017en\u00ed t\u011bl\u00edska speci\u00e1ln\u011b pro nerod\u00edc\u00ed \u017eeny. Osobn\u011b v\u0161ak takov\u00fd postup sp\u00ed\u0161 nedoporu\u010dujeme. Pro zdrav\u00e9 nerod\u00edc\u00ed \u017eeny je lep\u0161\u00ed alternativou hormon\u00e1ln\u00ed antikoncepce.<\/p>\t\t<\/div>\t<\/div><\/div>\n<div class=\"dt-sc-toggle-frame\">\t<h5 class='dt-sc-toggle-accordion '><a href='#'>Je nutn\u00e9 p\u0159i ka\u017ed\u00e9m odum\u0159el\u00e9m t\u011bhotenstv\u00ed podstoupit gynekologick\u00fd z\u00e1krok v nark\u00f3ze?<\/a><\/h5>\t<div class=\"dt-sc-toggle-content\" style=\"display: none;\">\t\t<div class=\"block\"><p>Nen\u00ed. U gravidit ni\u017e\u0161\u00edch 8 t\u00fddn\u016f je mo\u017en\u00e9 a n\u011bkdy i lep\u0161\u00ed\u00a0 vy\u010dkat spont\u00e1nn\u00edho potracen\u00ed. Na druh\u00e9 stran\u011b vy\u010di\u0161t\u011bn\u00ed d\u011blohy je jednoduch\u00fd a \u0161etrn\u00fd v\u00fdkon, kter\u00fd plodnost \u017eeny nijak neovlivn\u00ed. U vy\u0161\u0161\u00edch zamlkl\u00fdch gravidit je revize d\u011blohy na m\u00edst\u011b.<\/p>\t\t<\/div>\t<\/div><\/div>\n<div class=\"dt-sc-toggle-frame\">\t<h5 class='dt-sc-toggle-accordion '><a href='#'>Byl mi diagnostikov\u00e1n pokles d\u011blohy pochvy a dna p\u00e1nve, doporu\u010dena operace. Je nutn\u00e1, kdy\u017e nem\u00e1m pot\u00ed\u017ee?<\/a><\/h5>\t<div class=\"dt-sc-toggle-content\" style=\"display: none;\">\t\t<div class=\"block\"><p>Operace nutn\u00e1 nen\u00ed, pokles rodidel Va\u0161e zdrav\u00ed nijak neohro\u017euje. Je v\u0161ak t\u0159eba po\u010d\u00edtat s\u00a0t\u00edm, \u017ee s\u00a0postupem \u010dasu se pokles m\u016f\u017ee zv\u00fdraznit a ve vy\u0161\u0161\u00edm v\u011bku m\u016f\u017ee b\u00fdt operace rizikov\u011bj\u0161\u00ed.<\/p>\t\t<\/div>\t<\/div><\/div>\n<div class=\"dt-sc-toggle-frame\">\t<h5 class='dt-sc-toggle-accordion '><a href='#'>Je t\u0159eba pravideln\u011b odeb\u00edrat gynekologickou cytologii, kdy\u017e jsem byla o\u010dkov\u00e1na proti rakovin\u011b \u010d\u00edpku?<\/a><\/h5>\t<div class=\"dt-sc-toggle-content\" style=\"display: none;\">\t\t<div class=\"block\"><p>Ano, o\u010dkov\u00e1n\u00ed sice sni\u017euje riziko onemocn\u011bn\u00ed rakovinou o 76%, ale neeliminuje je zcela.<\/p>\t\t<\/div>\t<\/div><\/div>\n<div class=\"dt-sc-toggle-frame\">\t<h5 class='dt-sc-toggle-accordion '><a href='#'>Dobr\u00fd den, je mi 45 let. V d\u011bloze m\u00e1m ji\u017e dlouho myom, kter\u00fd pror\u016fst\u00e1 st\u011bnou. M\u016fj doktor doporu\u010duje odstran\u011bn\u00ed cel\u00e9 d\u011blohy. Psychicky se s t\u00edm \u0161patn\u011b vyrovn\u00e1v\u00e1m. Existuj\u00ed i jin\u00e9 mo\u017enosti l\u00e9\u010dby, nebo si mus\u00edm nechat d\u011blohu odstranit?<\/a><\/h5>\t<div class=\"dt-sc-toggle-content\" style=\"display: none;\">\t\t<div class=\"block\"><div>Jin\u00e9 mo\u017enosti existuj\u00ed. Odstran\u011bn\u00ed samotn\u00e9ho myomu, embolizace c\u00e9v \u017eiv\u00edc\u00edch myom, hormon\u00e1ln\u00ed l\u00e9ky, aj. Ve v\u011bku 45 let, pokud nepl\u00e1nujete graviditu je ov\u0161em odstran\u011bn\u00ed d\u011blohy nejlep\u0161\u00edm \u0159e\u0161en\u00edm. Psychicky se s t\u00edm vyrovn\u00e1te snadno, \u017eivot bez d\u011blohy (pr\u00e1ce, sport, sex) je stejn\u011b kvalitn\u00ed jako s d\u011blohou.<\/div>\n<div><\/div>\n<div>\t\t<\/div>\t<\/div><\/div><\/div>\n<div class=\"dt-sc-toggle-frame\">\t<h5 class='dt-sc-toggle-accordion '><a href='#'>V\u00e1\u017een\u00fd pane doktore, m\u00e1m na V\u00e1s velikou prosbu, zda byste mi neporadil. Dcera (17let), je tak\u00e9 Va\u0161\u00ed klientkou, by cht\u011bla za\u010d\u00edt u\u017e\u00edvat tablety, kter\u00e9 na\u0161la na internetu, \u017ee jsou ve\u0159ejn\u011b prodejn\u00e9. Jedn\u00e1 se o tablety Breast Extra+ a jsou na zv\u011bt\u0161en\u00ed poprs\u00ed. Rad\u011bji si chci od V\u00e1s ov\u011b\u0159it, zda je to dobr\u00e9 a nebo pop\u0159., zda nev\u00edte o n\u011bjak\u00fdch, kter\u00e9 by \u0159e\u0161ily jej\u00ed probl\u00e9m s mal\u00fdm poprs\u00edm. Bohu\u017eel ode mne nechce sly\u0161et, \u017ee v jej\u00edm v\u011bku to nem\u00e1 cenu \u0159e\u0161it, \u017ee v jej\u00edm v\u011bku je na to je\u0161t\u011b brzy. Nenech\u00e1 si to ov\u0161em vymluvit a chce za\u010d\u00edt u\u017e\u00edvat n\u011bjak\u00e9 tabletky. Sl\u00edbila mi,\u017ee se mohu  poradit nejd\u0159\u00edve s V\u00e1mi, ne\u017e by se do n\u011b\u010deho pustila bez m\u00e9ho v\u011bdom\u00ed.<\/a><\/h5>\t<div class=\"dt-sc-toggle-content\" style=\"display: none;\">\t\t<div class=\"block\"><p>V\u00e1\u017een\u00e1 pan\u00ed,<\/p>\n<div>tablety Breast Extra+ a v\u0161echny podobn\u00e9, kter\u00e9 slibuj\u00ed n\u00e1r\u016fst poprs\u00ed, jsou ve sv\u00e9 podstat\u011b ne\u00fa\u010dinn\u00e9. Kdyby tomu bylo jinak, v\u011bt\u0161ina klinik plastick\u00e9 chirurgie by nem\u011bla co operovat. Ka\u017ed\u00e1 \u017eena by si rad\u0161i spolkla p\u00e1r tablet za n\u011bkolik set korun ne\u017e si nechat do sebe \u0159ezat a cp\u00e1t implant\u00e1ty za des\u00edtky tis\u00edc.<\/div>\n<div>Na druh\u00e9 stran\u011b tyto tablety \u00a0nejsou ani zdrav\u00ed \u0161kodliv\u00e9. Jestli si na n\u011b Va\u0161e dcera je ochotna vyd\u011blat na brig\u00e1d\u011b a chce tyto pen\u00edze ob\u011btovat pr\u00e1v\u011b za tyto tablety, nebr\u00e1nil bych j\u00ed, ona na to \u010dasem p\u0159ijde sama.<\/div>\n<div>S pozdravem Dr. M. Vyslou\u017eil<\/div>\t\t<\/div>\t<\/div><\/div><\/div>\n","protected":false},"excerpt":{"rendered":"","protected":false},"author":1,"featured_media":0,"parent":0,"menu_order":0,"comment_status":"closed","ping_status":"open","template":"","meta":{"site-sidebar-layout":"default","site-content-layout":"","ast-site-content-layout":"default","site-content-style":"default","site-sidebar-style":"default","ast-global-header-display":"","ast-banner-title-visibility":"","ast-main-header-display":"","ast-hfb-above-header-display":"","ast-hfb-below-header-display":"","ast-hfb-mobile-header-display":"","site-post-title":"","ast-breadcrumbs-content":"","ast-featured-img":"","footer-sml-layout":"","ast-disable-related-posts":"","theme-transparent-header-meta":"","adv-header-id-meta":"","stick-header-meta":"","header-above-stick-meta":"","header-main-stick-meta":"","header-below-stick-meta":"","astra-migrate-meta-layouts":"default","ast-page-background-enabled":"default","ast-page-background-meta":{"desktop":{"background-color":"var(--ast-global-color-4)","background-image":"","background-repeat":"repeat","background-position":"center center","background-size":"auto","background-attachment":"scroll","background-type":"","background-media":"","overlay-type":"","overlay-color":"","overlay-opacity":"","overlay-gradient":""},"tablet":{"background-color":"","background-image":"","background-repeat":"repeat","background-position":"center center","background-size":"auto","background-attachment":"scroll","background-type":"","background-media":"","overlay-type":"","overlay-color":"","overlay-opacity":"","overlay-gradient":""},"mobile":{"background-color":"","background-image":"","background-repeat":"repeat","background-position":"center center","background-size":"auto","background-attachment":"scroll","background-type":"","background-media":"","overlay-type":"","overlay-color":"","overlay-opacity":"","overlay-gradient":""}},"ast-content-background-meta":{"desktop":{"background-color":"var(--ast-global-color-5)","background-image":"","background-repeat":"repeat","background-position":"center center","background-size":"auto","background-attachment":"scroll","background-type":"","background-media":"","overlay-type":"","overlay-color":"","overlay-opacity":"","overlay-gradient":""},"tablet":{"background-color":"var(--ast-global-color-5)","background-image":"","background-repeat":"repeat","background-position":"center center","background-size":"auto","background-attachment":"scroll","background-type":"","background-media":"","overlay-type":"","overlay-color":"","overlay-opacity":"","overlay-gradient":""},"mobile":{"background-color":"var(--ast-global-color-5)","background-image":"","background-repeat":"repeat","background-position":"center center","background-size":"auto","background-attachment":"scroll","background-type":"","background-media":"","overlay-type":"","overlay-color":"","overlay-opacity":"","overlay-gradient":""}},"footnotes":""},"_links":{"self":[{"href":"https:\/\/sumperkgynekolog.cz\/index.php?rest_route=\/wp\/v2\/pages\/801"}],"collection":[{"href":"https:\/\/sumperkgynekolog.cz\/index.php?rest_route=\/wp\/v2\/pages"}],"about":[{"href":"https:\/\/sumperkgynekolog.cz\/index.php?rest_route=\/wp\/v2\/types\/page"}],"author":[{"embeddable":true,"href":"https:\/\/sumperkgynekolog.cz\/index.php?rest_route=\/wp\/v2\/users\/1"}],"replies":[{"embeddable":true,"href":"https:\/\/sumperkgynekolog.cz\/index.php?rest_route=%2Fwp%2Fv2%2Fcomments&post=801"}],"version-history":[{"count":15,"href":"https:\/\/sumperkgynekolog.cz\/index.php?rest_route=\/wp\/v2\/pages\/801\/revisions"}],"predecessor-version":[{"id":90337,"href":"https:\/\/sumperkgynekolog.cz\/index.php?rest_route=\/wp\/v2\/pages\/801\/revisions\/90337"}],"wp:attachment":[{"href":"https:\/\/sumperkgynekolog.cz\/index.php?rest_route=%2Fwp%2Fv2%2Fmedia&parent=801"}],"curies":[{"name":"wp","href":"https:\/\/api.w.org\/{rel}","templated":true}]}}