{"id":918,"date":"2015-02-24T07:44:34","date_gmt":"2015-02-24T06:44:34","guid":{"rendered":"http:\/\/sumperkgynekolog.cz\/?page_id=918"},"modified":"2026-01-26T12:28:58","modified_gmt":"2026-01-26T11:28:58","slug":"ordinacni-hodiny","status":"publish","type":"page","link":"https:\/\/sumperkgynekolog.cz\/?page_id=918","title":{"rendered":"Ordina\u010dn\u00ed hodiny"},"content":{"rendered":"\n<p class=\"has-vivid-red-color has-text-color has-x-large-font-size\">Ve dnech 2.2. &#8211; 4.2. \u010derp\u00e1me dovolenou<\/p>\n\n\n<h2 style=\"text-align: center;\">Ordina\u010dn\u00ed hodiny<\/h2>\n<p style=\"text-align: center;\"><a href=\"https:\/\/jakyjetyden.info\/\"><strong>Jak\u00fd je t\u00fdden? (sud\u00fd nebo lich\u00fd) &#8211; ZJISTIT<\/strong><\/a><\/p>\n<table style=\"border-collapse: collapse; width: 1012px; height: 259px; color: black;\" border=\"0\" width=\"192\" cellspacing=\"0\" cellpadding=\"0\">\n<colgroup>\n<col style=\"width: 48pt;\" span=\"3\" width=\"64\" \/> <\/colgroup>\n<tbody>\n<tr style=\"height: 15.0pt;\">\n<td class=\"xl66\" style=\"height: 15pt; width: 144pt; text-align: center;\" colspan=\"3\" width=\"192\" height=\"20\">\n<h3><strong>sud\u00fd t\u00fdden\u00a0<\/strong><\/h3>\n<\/td>\n<\/tr>\n<tr style=\"height: 27.0pt;\">\n<td class=\"xl65\" style=\"height: 27.0pt; border-top: none; width: 48pt;\" width=\"64\" height=\"36\">Pond\u011bl\u00ed<\/td>\n<td class=\"xl65\" style=\"border-top: none; border-left: none; width: 48pt; font-size: inherit;\" width=\"64\">8 \u2013 14 hod<\/td>\n<td class=\"xl65\" style=\"border-top: none; border-left: none; width: 48pt; font-size: inherit;\" width=\"64\">MUDr. Vyslou\u017eil<\/td>\n<\/tr>\n<tr style=\"height: 27.0pt;\">\n<td class=\"xl65\" style=\"height: 27.0pt; border-top: none; width: 48pt; font-size: inherit;\" width=\"64\" height=\"36\">\u00dater\u00fd<\/td>\n<td class=\"xl65\" style=\"border-top: none; border-left: none; width: 48pt; font-size: inherit;\" width=\"64\">8 \u2013 14 hod<\/td>\n<td class=\"xl65\" style=\"border-top: none; border-left: none; width: 48pt; font-size: inherit;\" width=\"64\">MUDr. Vyslou\u017eil<\/td>\n<\/tr>\n<tr style=\"height: 27.0pt;\">\n<td class=\"xl65\" style=\"height: 27.0pt; border-top: none; width: 48pt; font-size: inherit;\" width=\"64\" height=\"36\">St\u0159eda<\/td>\n<td class=\"xl65\" style=\"border-top: none; border-left: none; width: 48pt; font-size: inherit;\" width=\"64\">14 \u2013 18 hod<\/td>\n<td class=\"xl65\" style=\"border-top: none; border-left: none; width: 48pt; font-size: inherit;\" width=\"64\">MUDr. Vyslou\u017eil<\/td>\n<\/tr>\n<tr style=\"height: 27.0pt;\">\n<td class=\"xl65\" style=\"height: 27.0pt; border-top: none; width: 48pt; font-size: inherit;\" width=\"64\" height=\"36\">\u010ctvrtek<\/td>\n<td class=\"xl65\" style=\"border-top: none; border-left: none; width: 48pt; font-size: inherit;\" width=\"64\">12 \u2013 18 hod<\/td>\n<td class=\"xl65\" style=\"border-top: none; border-left: none; width: 48pt; font-size: inherit;\" width=\"64\">MUDr. Vyslou\u017eil<\/td>\n<\/tr>\n<tr style=\"height: 27.0pt;\">\n<td class=\"xl65\" style=\"height: 27.0pt; border-top: none; width: 48pt; font-size: inherit;\" width=\"64\" height=\"36\">P\u00e1tek<\/td>\n<td class=\"xl65\" style=\"border-top: none; border-left: none; width: 48pt; font-size: inherit;\" width=\"64\">8 \u2013 12 hod<\/td>\n<td class=\"xl65\" style=\"border-top: none; border-left: none; width: 48pt; font-size: inherit;\" width=\"64\">MUDr. Vyslou\u017eil<\/td>\n<\/tr>\n<\/tbody>\n<\/table>\n<table style=\"border-collapse: collapse; width: 1013px; height: 259px; color: black;\" border=\"0\" width=\"192\" cellspacing=\"0\" cellpadding=\"0\">\n<colgroup>\n<col style=\"width: 48pt;\" span=\"3\" width=\"64\" \/> <\/colgroup>\n<tbody>\n<tr style=\"height: 15.0pt;\">\n<td class=\"xl66\" style=\"height: 15pt; width: 144pt; text-align: center;\" colspan=\"3\" width=\"192\" height=\"20\">\n<h3><strong>lich\u00fd t\u00fdden<\/strong><\/h3>\n<\/td>\n<\/tr>\n<tr style=\"height: 27.0pt;\">\n<td class=\"xl65\" style=\"height: 27.0pt; border-top: none; width: 48pt; font-size: inherit;\" width=\"64\" height=\"36\">Pond\u011bl\u00ed<\/td>\n<td class=\"xl65\" style=\"border-top: none; border-left: none; width: 48pt; font-size: inherit;\" width=\"64\">8 \u2013 18 hod<\/td>\n<td class=\"xl65\" style=\"border-top: none; border-left: none; width: 48pt; font-size: inherit;\" width=\"64\">MUDr. Vyslou\u017eil<\/td>\n<\/tr>\n<tr style=\"height: 27.0pt;\">\n<td class=\"xl65\" style=\"height: 27.0pt; border-top: none; width: 48pt; font-size: inherit;\" width=\"64\" height=\"36\">\u00dater\u00fd<\/td>\n<td class=\"xl65\" style=\"border-top: none; border-left: none; width: 48pt; font-size: inherit;\" width=\"64\">8 \u2013 14 hod<\/td>\n<td class=\"xl65\" style=\"border-top: none; border-left: none; width: 48pt; font-size: inherit;\" width=\"64\">MUDr. Vyslou\u017eil<\/td>\n<\/tr>\n<tr style=\"height: 27.0pt;\">\n<td class=\"xl65\" style=\"height: 27.0pt; border-top: none; width: 48pt; font-size: inherit;\" width=\"64\" height=\"36\">St\u0159eda<\/td>\n<td class=\"xl65\" style=\"border-top: none; border-left: none; width: 48pt; font-size: inherit;\" width=\"64\">14 \u2013 18 hod<\/td>\n<td class=\"xl65\" style=\"border-top: none; border-left: none; width: 48pt; font-size: inherit;\" width=\"64\">MUDr. Vyslou\u017eil<\/td>\n<\/tr>\n<tr style=\"height: 27.0pt;\">\n<td class=\"xl65\" style=\"height: 27.0pt; border-top: none; width: 48pt; font-size: inherit;\" width=\"64\" height=\"36\">\u010ctvrtek<\/td>\n<td class=\"xl65\" style=\"border-top: none; border-left: none; width: 48pt; font-size: inherit;\" width=\"64\">12 \u2013 18 hod<\/td>\n<td class=\"xl65\" style=\"border-top: none; border-left: none; width: 48pt; font-size: inherit;\" width=\"64\">MUDr. Vyslou\u017eil<\/td>\n<\/tr>\n<tr style=\"height: 27.0pt;\">\n<td class=\"xl65\" style=\"height: 27.0pt; border-top: none; width: 48pt; font-size: inherit;\" width=\"64\" height=\"36\">P\u00e1tek<\/td>\n<td class=\"xl65\" style=\"border-top: none; border-left: none; width: 48pt; font-size: inherit;\" width=\"64\">jen pro pozvan\u00e9<\/td>\n<td class=\"xl65\" style=\"border-top: none; border-left: none; width: 48pt; font-size: inherit;\" width=\"64\">jen pro pozvan\u00e9<\/td>\n<\/tr>\n<\/tbody>\n<\/table>","protected":false},"excerpt":{"rendered":"<p>Ve dnech 2.2. &#8211; 4.2. \u010derp\u00e1me dovolenou Ordina\u010dn\u00ed hodiny Jak\u00fd je t\u00fdden? (sud\u00fd nebo lich\u00fd) &#8211; ZJISTIT sud\u00fd t\u00fdden\u00a0 Pond\u011bl\u00ed 8 \u2013 14 hod MUDr. Vyslou\u017eil \u00dater\u00fd 8 \u2013 14 hod MUDr. Vyslou\u017eil St\u0159eda 14 \u2013 18 hod MUDr. Vyslou\u017eil \u010ctvrtek 12 \u2013 18 hod MUDr. Vyslou\u017eil P\u00e1tek 8 \u2013 12 hod MUDr. Vyslou\u017eil lich\u00fd [&hellip;]<\/p>\n","protected":false},"author":1,"featured_media":0,"parent":0,"menu_order":0,"comment_status":"closed","ping_status":"open","template":"tpl-home.php","meta":{"site-sidebar-layout":"default","site-content-layout":"","ast-site-content-layout":"default","site-content-style":"default","site-sidebar-style":"default","ast-global-header-display":"","ast-banner-title-visibility":"","ast-main-header-display":"","ast-hfb-above-header-display":"","ast-hfb-below-header-display":"","ast-hfb-mobile-header-display":"","site-post-title":"disabled","ast-breadcrumbs-content":"","ast-featured-img":"","footer-sml-layout":"","ast-disable-related-posts":"","theme-transparent-header-meta":"","adv-header-id-meta":"","stick-header-meta":"","header-above-stick-meta":"","header-main-stick-meta":"","header-below-stick-meta":"","astra-migrate-meta-layouts":"","ast-page-background-enabled":"default","ast-page-background-meta":{"desktop":{"background-color":"var(--ast-global-color-4)","background-image":"","background-repeat":"repeat","background-position":"center center","background-size":"auto","background-attachment":"scroll","background-type":"","background-media":"","overlay-type":"","overlay-color":"","overlay-opacity":"","overlay-gradient":""},"tablet":{"background-color":"","background-image":"","background-repeat":"repeat","background-position":"center center","background-size":"auto","background-attachment":"scroll","background-type":"","background-media":"","overlay-type":"","overlay-color":"","overlay-opacity":"","overlay-gradient":""},"mobile":{"background-color":"","background-image":"","background-repeat":"repeat","background-position":"center center","background-size":"auto","background-attachment":"scroll","background-type":"","background-media":"","overlay-type":"","overlay-color":"","overlay-opacity":"","overlay-gradient":""}},"ast-content-background-meta":{"desktop":{"background-color":"var(--ast-global-color-5)","background-image":"","background-repeat":"repeat","background-position":"center center","background-size":"auto","background-attachment":"scroll","background-type":"","background-media":"","overlay-type":"","overlay-color":"","overlay-opacity":"","overlay-gradient":""},"tablet":{"background-color":"var(--ast-global-color-5)","background-image":"","background-repeat":"repeat","background-position":"center center","background-size":"auto","background-attachment":"scroll","background-type":"","background-media":"","overlay-type":"","overlay-color":"","overlay-opacity":"","overlay-gradient":""},"mobile":{"background-color":"var(--ast-global-color-5)","background-image":"","background-repeat":"repeat","background-position":"center center","background-size":"auto","background-attachment":"scroll","background-type":"","background-media":"","overlay-type":"","overlay-color":"","overlay-opacity":"","overlay-gradient":""}},"footnotes":""},"_links":{"self":[{"href":"https:\/\/sumperkgynekolog.cz\/index.php?rest_route=\/wp\/v2\/pages\/918"}],"collection":[{"href":"https:\/\/sumperkgynekolog.cz\/index.php?rest_route=\/wp\/v2\/pages"}],"about":[{"href":"https:\/\/sumperkgynekolog.cz\/index.php?rest_route=\/wp\/v2\/types\/page"}],"author":[{"embeddable":true,"href":"https:\/\/sumperkgynekolog.cz\/index.php?rest_route=\/wp\/v2\/users\/1"}],"replies":[{"embeddable":true,"href":"https:\/\/sumperkgynekolog.cz\/index.php?rest_route=%2Fwp%2Fv2%2Fcomments&post=918"}],"version-history":[{"count":60,"href":"https:\/\/sumperkgynekolog.cz\/index.php?rest_route=\/wp\/v2\/pages\/918\/revisions"}],"predecessor-version":[{"id":90335,"href":"https:\/\/sumperkgynekolog.cz\/index.php?rest_route=\/wp\/v2\/pages\/918\/revisions\/90335"}],"wp:attachment":[{"href":"https:\/\/sumperkgynekolog.cz\/index.php?rest_route=%2Fwp%2Fv2%2Fmedia&parent=918"}],"curies":[{"name":"wp","href":"https:\/\/api.w.org\/{rel}","templated":true}]}}